{"id":5154,"date":"2023-10-26T22:17:17","date_gmt":"2023-10-26T22:17:17","guid":{"rendered":"https:\/\/sistemasequipoymantenimiento.com\/?post_type=product&#038;p=5154"},"modified":"2023-10-26T22:17:17","modified_gmt":"2023-10-26T22:17:17","slug":"foco-philips-mini-twister-t2-luz-clara-fria-2","status":"publish","type":"product","link":"https:\/\/sistemasequipoymantenimiento.com\/index.php\/producto\/foco-philips-mini-twister-t2-luz-clara-fria-2\/","title":{"rendered":"FOCO PHILIPS MINI TWISTER T2 LUZ CLARA FR\u00cdA"},"content":{"rendered":"<p>FOCO PHILIPS MINI TWISTER T2 LUZ CLARA FR\u00cdA &#8211; AHORRADOR DE ENERG\u00cdA<\/p>\n<p>20W = 70W\u00a0 PAQUETE CON 2 FOCOS<\/p>\n","protected":false},"excerpt":{"rendered":"<p>FOCO PHILIPS MINI TWISTER T2 LUZ CLARA FR\u00cdA &#8211; AHORRADOR DE ENERG\u00cdA 20W = 70W\u00a0 PAQUETE CON 2 FOCOS<\/p>\n","protected":false},"featured_media":5149,"template":"","meta":{"_uag_custom_page_level_css":"","site-sidebar-layout":"default","site-content-layout":"default","ast-global-header-display":"","ast-main-header-display":"","ast-hfb-above-header-display":"","ast-hfb-below-header-display":"","ast-hfb-mobile-header-display":"","site-post-title":"","ast-breadcrumbs-content":"","ast-featured-img":"","footer-sml-layout":"","theme-transparent-header-meta":"default","adv-header-id-meta":"","stick-header-meta":"","header-above-stick-meta":"","header-main-stick-meta":"","header-below-stick-meta":""},"product_cat":[16],"product_tag":[],"class_list":{"0":"post-5154","1":"product","2":"type-product","3":"status-publish","4":"has-post-thumbnail","6":"product_cat-para-el-hogar","7":"desktop-align-left","8":"tablet-align-left","9":"mobile-align-left","11":"first","12":"instock","13":"taxable","14":"shipping-taxable","15":"product-type-simple"},"uagb_featured_image_src":{"full":["https:\/\/sistemasequipoymantenimiento.com\/wp-content\/uploads\/2023\/06\/IMAGEN-2-2.jpg",713,810,false],"thumbnail":["https:\/\/sistemasequipoymantenimiento.com\/wp-content\/uploads\/2023\/06\/IMAGEN-2-2-150x150.jpg",150,150,true],"medium":["https:\/\/sistemasequipoymantenimiento.com\/wp-content\/uploads\/2023\/06\/IMAGEN-2-2-264x300.jpg",264,300,true],"medium_large":["https:\/\/sistemasequipoymantenimiento.com\/wp-content\/uploads\/2023\/06\/IMAGEN-2-2.jpg",713,810,false],"large":["https:\/\/sistemasequipoymantenimiento.com\/wp-content\/uploads\/2023\/06\/IMAGEN-2-2.jpg",713,810,false],"1536x1536":["https:\/\/sistemasequipoymantenimiento.com\/wp-content\/uploads\/2023\/06\/IMAGEN-2-2.jpg",713,810,false],"2048x2048":["https:\/\/sistemasequipoymantenimiento.com\/wp-content\/uploads\/2023\/06\/IMAGEN-2-2.jpg",713,810,false],"woocommerce_thumbnail":["https:\/\/sistemasequipoymantenimiento.com\/wp-content\/uploads\/2023\/06\/IMAGEN-2-2-300x300.jpg",300,300,true],"woocommerce_single":["https:\/\/sistemasequipoymantenimiento.com\/wp-content\/uploads\/2023\/06\/IMAGEN-2-2-600x682.jpg",600,682,true],"woocommerce_gallery_thumbnail":["https:\/\/sistemasequipoymantenimiento.com\/wp-content\/uploads\/2023\/06\/IMAGEN-2-2-100x100.jpg",100,100,true]},"uagb_author_info":{"display_name":"SEMInformatica","author_link":"https:\/\/sistemasequipoymantenimiento.com\/index.php\/author\/"},"uagb_comment_info":0,"uagb_excerpt":"FOCO PHILIPS MINI TWISTER T2 LUZ CLARA FR\u00cdA &#8211; AHORRADOR DE ENERG\u00cdA 20W = 70W\u00a0 PAQUETE CON 2 FOCOS","_links":{"self":[{"href":"https:\/\/sistemasequipoymantenimiento.com\/index.php\/wp-json\/wp\/v2\/product\/5154","targetHints":{"allow":["GET"]}}],"collection":[{"href":"https:\/\/sistemasequipoymantenimiento.com\/index.php\/wp-json\/wp\/v2\/product"}],"about":[{"href":"https:\/\/sistemasequipoymantenimiento.com\/index.php\/wp-json\/wp\/v2\/types\/product"}],"wp:featuredmedia":[{"embeddable":true,"href":"https:\/\/sistemasequipoymantenimiento.com\/index.php\/wp-json\/wp\/v2\/media\/5149"}],"wp:attachment":[{"href":"https:\/\/sistemasequipoymantenimiento.com\/index.php\/wp-json\/wp\/v2\/media?parent=5154"}],"wp:term":[{"taxonomy":"product_cat","embeddable":true,"href":"https:\/\/sistemasequipoymantenimiento.com\/index.php\/wp-json\/wp\/v2\/product_cat?post=5154"},{"taxonomy":"product_tag","embeddable":true,"href":"https:\/\/sistemasequipoymantenimiento.com\/index.php\/wp-json\/wp\/v2\/product_tag?post=5154"}],"curies":[{"name":"wp","href":"https:\/\/api.w.org\/{rel}","templated":true}]}}