{"id":1004,"date":"2021-10-08T06:08:22","date_gmt":"2021-10-08T06:08:22","guid":{"rendered":"https:\/\/sistemasequipoymantenimiento.com\/index.php\/contact\/"},"modified":"2022-11-03T18:35:29","modified_gmt":"2022-11-03T18:35:29","slug":"contact","status":"publish","type":"page","link":"https:\/\/sistemasequipoymantenimiento.com\/index.php\/contact\/","title":{"rendered":"Contacto"},"content":{"rendered":"<div class=\"wp-block-uagb-container uagb-block-fa038758 alignfull uagb-is-root-container\"><div class=\"uagb-container-inner-blocks-wrap\"><div class=\"wp-block-uagb-container uagb-block-96ca82e2\"><div class=\"wp-block-uagb-advanced-heading uagb-block-352f9351\"><h2 class=\"uagb-heading-text\">Cont\u00e1ctanos<\/h2><\/div>\n\n<p class=\"has-text-align-center\">Nuestro equipo t\u00e9cnico esta disponible en horario de 9:00 a 18:00 hrs. de Lunes a Viernes . Y  S\u00e1bados de 9:00 a 14:00 hrs.<\/p>\n\n<div class=\"wp-block-uagb-advanced-heading uagb-block-973da6ae\"><h2 class=\"uagb-heading-text\">Ubicaci\u00f3n<\/h2><\/div>\n\n<p class=\"has-text-align-center\">Blvr. del bosque Central Mz.40 Lt.16 Local No.142<br>Col. Bosques del Valle Coacalco, Estado de M\u00e9xico<br> C.P. 55717 <\/p>\n\n<div class=\"wp-block-uagb-info-box uagb-block-98081e59 uagb-infobox__content-wrap  uagb-infobox-icon-left uagb-infobox-left uagb-infobox-stacked-mobile uagb-infobox-image-valign-top\"><div class=\"uagb-ifb-icon-wrap\"><svg xmlns=\"https:\/\/www.w3.org\/2000\/svg\" viewBox=\"0 0 512 512\"><path d=\"M511.2 387l-23.25 100.8c-3.266 14.25-15.79 24.22-30.46 24.22C205.2 512 0 306.8 0 54.5c0-14.66 9.969-27.2 24.22-30.45l100.8-23.25C139.7-2.602 154.7 5.018 160.8 18.92l46.52 108.5c5.438 12.78 1.77 27.67-8.98 36.45L144.5 207.1c33.98 69.22 90.26 125.5 159.5 159.5l44.08-53.8c8.688-10.78 23.69-14.51 36.47-8.975l108.5 46.51C506.1 357.2 514.6 372.4 511.2 387z\"><\/path><\/svg><\/div><div class=\"uagb-ifb-content\"><div class=\"uagb-ifb-title-wrap\"><h6 class=\"uagb-ifb-title\">Ll\u00e1manos <\/h6><\/div><p class=\"uagb-ifb-desc\"> 55 2159 2558 \/ 55 2159 2548<\/p><\/div><\/div>\n\n<div class=\"wp-block-uagb-info-box uagb-block-381733a0 uagb-infobox__content-wrap  uagb-infobox-icon-left uagb-infobox-left uagb-infobox-stacked-mobile uagb-infobox-image-valign-top\"><div class=\"uagb-ifb-icon-wrap\"><svg xmlns=\"https:\/\/www.w3.org\/2000\/svg\" viewBox=\"0 0 512 512\"><path d=\"M464 64C490.5 64 512 85.49 512 112C512 127.1 504.9 141.3 492.8 150.4L275.2 313.6C263.8 322.1 248.2 322.1 236.8 313.6L19.2 150.4C7.113 141.3 0 127.1 0 112C0 85.49 21.49 64 48 64H464zM217.6 339.2C240.4 356.3 271.6 356.3 294.4 339.2L512 176V384C512 419.3 483.3 448 448 448H64C28.65 448 0 419.3 0 384V176L217.6 339.2z\"><\/path><\/svg><\/div><div class=\"uagb-ifb-content\"><div class=\"uagb-ifb-title-wrap\"><h6 class=\"uagb-ifb-title\">Email <\/h6><\/div><p class=\"uagb-ifb-desc\">servicio@sistemasequipoymantenimiento.com<\/p><div class=\"uagb-ifb-separator\"><\/div><\/div><\/div>\n\n<div class=\"wp-block-uagb-advanced-heading uagb-block-abba58ed\"><h6 class=\"uagb-heading-text\">S\u00edguenos<\/h6><\/div>\n\n<ul class=\"wp-block-social-links has-icon-color has-icon-background-color is-style-pill-shape is-content-justification-left is-layout-flex wp-container-core-social-links-is-layout-9039d3c4 wp-block-social-links-is-layout-flex\"><li style=\"color:#ffffff;background-color:var(--ast-global-color-1);\" class=\"wp-social-link wp-social-link-facebook has-white-color has-ast-global-color-1-background-color wp-block-social-link\"><a href=\"https:\/\/www.facebook.com\/people\/Sistemas-Equipo-y-Mantenimiento-Coacalco\/100068252305527\/\" class=\"wp-block-social-link-anchor\"><svg width=\"24\" height=\"24\" viewBox=\"0 0 24 24\" version=\"1.1\" xmlns=\"http:\/\/www.w3.org\/2000\/svg\" aria-hidden=\"true\" focusable=\"false\"><path d=\"M12 2C6.5 2 2 6.5 2 12c0 5 3.7 9.1 8.4 9.9v-7H7.9V12h2.5V9.8c0-2.5 1.5-3.9 3.8-3.9 1.1 0 2.2.2 2.2.2v2.5h-1.3c-1.2 0-1.6.8-1.6 1.6V12h2.8l-.4 2.9h-2.3v7C18.3 21.1 22 17 22 12c0-5.5-4.5-10-10-10z\"><\/path><\/svg><span class=\"wp-block-social-link-label screen-reader-text\">Facebook<\/span><\/a><\/li><\/ul><\/div>\n\n<figure class=\"wp-block-image aligncenter size-large\"><img loading=\"lazy\" decoding=\"async\" width=\"1024\" height=\"683\" src=\"https:\/\/sistemasequipoymantenimiento.com\/wp-content\/uploads\/2022\/10\/servicio-a-cliente-1024x683.jpg\" alt=\"\" class=\"wp-image-4680\" srcset=\"https:\/\/sistemasequipoymantenimiento.com\/wp-content\/uploads\/2022\/10\/servicio-a-cliente-1024x683.jpg 1024w, https:\/\/sistemasequipoymantenimiento.com\/wp-content\/uploads\/2022\/10\/servicio-a-cliente-300x200.jpg 300w, https:\/\/sistemasequipoymantenimiento.com\/wp-content\/uploads\/2022\/10\/servicio-a-cliente-768x512.jpg 768w, https:\/\/sistemasequipoymantenimiento.com\/wp-content\/uploads\/2022\/10\/servicio-a-cliente-1536x1024.jpg 1536w, https:\/\/sistemasequipoymantenimiento.com\/wp-content\/uploads\/2022\/10\/servicio-a-cliente-2048x1365.jpg 2048w, https:\/\/sistemasequipoymantenimiento.com\/wp-content\/uploads\/2022\/10\/servicio-a-cliente-600x400.jpg 600w\" sizes=\"auto, (max-width: 1024px) 100vw, 1024px\" \/><\/figure><\/div><\/div><div class=\"wp-block-uagb-container uagb-block-2a3e54d9 alignfull uagb-is-root-container\"><div \n\t\t\tclass=\"wp-block-uagb-google-map uagb-google-map__wrap uagb-block-fcc8c4f5     \"\n\t\t\tstyle=\"\" >\n\t\t\t\t<embed\n\t\t\t\t\tclass=\"uagb-google-map__iframe\"\n\t\t\t\t\ttitle=\"Google Map for \"\n\t\t\t\t\tsrc=\"https:\/\/maps.google.com\/maps?q=Sistemas%2C%20equipo%20y%20mantenimiento&#038;z=13&#038;hl=en&#038;t=m&#038;output=embed&#038;iwloc=near\"\n\t\t\t\t\twidth=\"640\"\n\t\t\t\t\theight=\"352\"\n\t\t\t\t\tloading=\"lazy\"\n\t\t\t\t><\/embed>\n\t\t\t<\/div><\/div>","protected":false},"excerpt":{"rendered":"<p>Cont\u00e1ctanos Nuestro equipo t\u00e9cnico esta disponible en horario de 9:00 a 18:00 hrs. de Lunes a Viernes . Y S\u00e1bados de 9:00 a 14:00 hrs. Ubicaci\u00f3n Blvr. del bosque Central Mz.40 Lt.16 Local No.142Col. Bosques del Valle Coacalco, Estado de M\u00e9xico C.P. 55717 S\u00edguenos<\/p>\n","protected":false},"author":1,"featured_media":0,"parent":0,"menu_order":0,"comment_status":"closed","ping_status":"closed","template":"","meta":{"_uag_custom_page_level_css":"","site-sidebar-layout":"no-sidebar","site-content-layout":"plain-container","ast-global-header-display":"","ast-main-header-display":"","ast-hfb-above-header-display":"","ast-hfb-below-header-display":"","ast-hfb-mobile-header-display":"","site-post-title":"disabled","ast-breadcrumbs-content":"","ast-featured-img":"disabled","footer-sml-layout":"","theme-transparent-header-meta":"disabled","adv-header-id-meta":"","stick-header-meta":"","header-above-stick-meta":"","header-main-stick-meta":"","header-below-stick-meta":"","footnotes":""},"class_list":["post-1004","page","type-page","status-publish","hentry"],"uagb_featured_image_src":{"full":false,"thumbnail":false,"medium":false,"medium_large":false,"large":false,"1536x1536":false,"2048x2048":false,"woocommerce_thumbnail":false,"woocommerce_single":false,"woocommerce_gallery_thumbnail":false},"uagb_author_info":{"display_name":"SEMInformatica","author_link":"https:\/\/sistemasequipoymantenimiento.com\/index.php\/author\/seminformatica\/"},"uagb_comment_info":0,"uagb_excerpt":"Cont\u00e1ctanos Nuestro equipo t\u00e9cnico esta disponible en horario de 9:00 a 18:00 hrs. de Lunes a Viernes . Y S\u00e1bados de 9:00 a 14:00 hrs. Ubicaci\u00f3n Blvr. del bosque Central Mz.40 Lt.16 Local No.142Col. Bosques del Valle Coacalco, Estado de M\u00e9xico C.P. 55717 S\u00edguenos","_links":{"self":[{"href":"https:\/\/sistemasequipoymantenimiento.com\/index.php\/wp-json\/wp\/v2\/pages\/1004","targetHints":{"allow":["GET"]}}],"collection":[{"href":"https:\/\/sistemasequipoymantenimiento.com\/index.php\/wp-json\/wp\/v2\/pages"}],"about":[{"href":"https:\/\/sistemasequipoymantenimiento.com\/index.php\/wp-json\/wp\/v2\/types\/page"}],"author":[{"embeddable":true,"href":"https:\/\/sistemasequipoymantenimiento.com\/index.php\/wp-json\/wp\/v2\/users\/1"}],"replies":[{"embeddable":true,"href":"https:\/\/sistemasequipoymantenimiento.com\/index.php\/wp-json\/wp\/v2\/comments?post=1004"}],"version-history":[{"count":15,"href":"https:\/\/sistemasequipoymantenimiento.com\/index.php\/wp-json\/wp\/v2\/pages\/1004\/revisions"}],"predecessor-version":[{"id":4862,"href":"https:\/\/sistemasequipoymantenimiento.com\/index.php\/wp-json\/wp\/v2\/pages\/1004\/revisions\/4862"}],"wp:attachment":[{"href":"https:\/\/sistemasequipoymantenimiento.com\/index.php\/wp-json\/wp\/v2\/media?parent=1004"}],"curies":[{"name":"wp","href":"https:\/\/api.w.org\/{rel}","templated":true}]}}