{"id":1002,"date":"2021-10-08T06:08:04","date_gmt":"2021-10-08T06:08:04","guid":{"rendered":"https:\/\/sistemasequipoymantenimiento.com\/index.php\/about\/"},"modified":"2022-11-03T19:23:17","modified_gmt":"2022-11-03T19:23:17","slug":"quienes-somos","status":"publish","type":"page","link":"https:\/\/sistemasequipoymantenimiento.com\/index.php\/quienes-somos\/","title":{"rendered":"\u00bfQui\u00e9nes somos?"},"content":{"rendered":"<div class=\"wp-block-uagb-container uagb-block-cada42d6 alignfull uagb-is-root-container\"><div class=\"uagb-container-inner-blocks-wrap\"><div class=\"wp-block-uagb-advanced-heading uagb-block-b42446e4\"><h2 class=\"uagb-heading-text\"><strong>\u00bfQui\u00e9nes somos?<\/strong><\/h2><\/div>\n\n<p>Sistemas Equipo y Mantenimiento, S. A. de C.V., somos un Corporativo que se caracteriza por el desarrollo de su trabajo dentro de un excelente ambiente laboral, con el apoyo principal de nuestro personal t\u00e9cnico y administrativo, obtenido mediante la constante preparaci\u00f3n de cada integrante, que ha hecho consolidar un gran equipo de trabajo profesional, todos guiados por la filosof\u00eda del aprendizaje y la aplicaci\u00f3n continua de la vocaci\u00f3n de servicio.<br><br>De esta manera, nos comprometemos con&nbsp; seriedad, seguridad, calidad, responsabilidad&nbsp; y eficiencia,&nbsp; en el desempe\u00f1o de cualquiera de los servicios ofrecidos por la Empresa, marcando la diferencia.<br><\/p><\/div><\/div><div class=\"wp-block-uagb-container uagb-block-5951ac0f alignfull uagb-is-root-container\"><div class=\"uagb-container-inner-blocks-wrap\"><div class=\"wp-block-uagb-image uagb-block-0eded342 wp-block-uagb-image--layout-default wp-block-uagb-image--effect-static wp-block-uagb-image--align-center\"><figure class=\"wp-block-uagb-image__figure\"><img loading=\"lazy\" decoding=\"async\" srcset=\"https:\/\/sistemasequipoymantenimiento.com\/wp-content\/uploads\/2022\/10\/checking-current-in-laptop-circuit-board-1024x683.jpg , https:\/\/sistemasequipoymantenimiento.com\/wp-content\/uploads\/2021\/08\/Group-107.jpg 360w\" src=\"https:\/\/sistemasequipoymantenimiento.com\/wp-content\/uploads\/2022\/10\/checking-current-in-laptop-circuit-board-1024x683.jpg\" alt=\"\" class=\"uag-image-4708\" width=\"1133\" height=\"683\" title=\"\"\/><\/figure><\/div><\/div><\/div><div class=\"wp-block-uagb-container uagb-block-692efe50 alignfull uagb-is-root-container\"><div class=\"uagb-container-inner-blocks-wrap\"><div class=\"wp-block-uagb-advanced-heading uagb-block-4084f554\"><h2 class=\"uagb-heading-text\"><br><strong>Objetivo<\/strong><\/h2><\/div>\n\n<p>Sistemas Equipo y Mantenimiento, S.A. de C.V., ejerce su actividad T\u00e9cnica&nbsp; en las diversas \u00e1reas de su especializaci\u00f3n; destacando el Servicio post-venta a equipos de: Electr\u00f3nica, L\u00ednea Blanca, y Aire Acondicionado, adem\u00e1s de tener bajo nuestro cargo el servicio post-venta a nivel Nacional de la marca PHILIPS, en sus l\u00edneas de cuidado personal, cocina, madre, bebes, y mas de 52 Centros de Servicios asociados en el interior de la Republica Mexicana.<\/p>\n\n<div class=\"wp-block-uagb-image uagb-block-c98f3119 wp-block-uagb-image--layout-default wp-block-uagb-image--effect-static wp-block-uagb-image--align-center\"><figure class=\"wp-block-uagb-image__figure\"><img decoding=\"async\" srcset=\"https:\/\/sistemasequipoymantenimiento.com\/wp-content\/uploads\/2022\/11\/DSC01690-1024x683.jpg \" src=\"https:\/\/sistemasequipoymantenimiento.com\/wp-content\/uploads\/2022\/11\/DSC01690-1024x683.jpg\" alt=\"\" class=\"uag-image-4877\" title=\"\"\/><\/figure><\/div>\n\n<div class=\"wp-block-uagb-advanced-heading uagb-block-0296b390\"><h2 class=\"uagb-heading-text\"><strong>Misi\u00f3n<\/strong><\/h2><\/div>\n\n<p class=\"has-text-align-left\">Brindar apoyo eficaz a las Empresas Asociadas a nosotros para la realizaci\u00f3n de su Servicio post-venta, conjugando esfuerzos con experiencia y optimizando los recursos para la obtenci\u00f3n de las metas y la satisfacci\u00f3n del Cliente al contar con una marca respaldada por personal t\u00e9cnico especializado&nbsp; en sus equipos. Cada \u00e1rea de aplicaci\u00f3n, no solo participa, si no tambi\u00e9n esta verdaderamente COMPROMETIDA<\/p>\n\n<div class=\"wp-block-uagb-advanced-heading uagb-block-dcd42d85\"><h2 class=\"uagb-heading-text\"><strong>Visi\u00f3n<\/strong><\/h2><\/div>\n\n<p>Posicionarnos como una Empresa l\u00edder en el mercado de servicio para seguir apoyando a las grandes Empresas Nacionales e Internacionales, que conf\u00edan en nuestro trabajo. Seguir ampliando nuestra estructura&nbsp; de servicio, innovando en sistemas de control y atenci\u00f3n al Cliente, tal como lo realizamos con nuestro proyecto \u201cFAST TECHNICAL SUPPORT\u201d, logrando con esto una perfecta imagen para nuestras marcas e impulsar as\u00ed, un futuro exitoso para la Empresa.<\/p><\/div><\/div>","protected":false},"excerpt":{"rendered":"<p>\u00bfQui\u00e9nes somos? Sistemas Equipo y Mantenimiento, S. A. de C.V., somos un Corporativo que se caracteriza por el desarrollo de su trabajo dentro de un excelente ambiente laboral, con el apoyo principal de nuestro personal t\u00e9cnico y administrativo, obtenido mediante la constante preparaci\u00f3n de cada integrante, que ha hecho consolidar un gran equipo de trabajo &hellip;<\/p>\n<p class=\"read-more\"> <a class=\"\" href=\"https:\/\/sistemasequipoymantenimiento.com\/index.php\/quienes-somos\/\"> <span class=\"screen-reader-text\">\u00bfQui\u00e9nes somos?<\/span> Leer m\u00e1s &raquo;<\/a><\/p>\n","protected":false},"author":1,"featured_media":0,"parent":0,"menu_order":0,"comment_status":"closed","ping_status":"closed","template":"","meta":{"_uag_custom_page_level_css":"","site-sidebar-layout":"no-sidebar","site-content-layout":"plain-container","ast-global-header-display":"","ast-main-header-display":"","ast-hfb-above-header-display":"","ast-hfb-below-header-display":"","ast-hfb-mobile-header-display":"","site-post-title":"disabled","ast-breadcrumbs-content":"","ast-featured-img":"disabled","footer-sml-layout":"","theme-transparent-header-meta":"disabled","adv-header-id-meta":"","stick-header-meta":"","header-above-stick-meta":"","header-main-stick-meta":"","header-below-stick-meta":"","footnotes":""},"class_list":["post-1002","page","type-page","status-publish","hentry"],"uagb_featured_image_src":{"full":false,"thumbnail":false,"medium":false,"medium_large":false,"large":false,"1536x1536":false,"2048x2048":false,"woocommerce_thumbnail":false,"woocommerce_single":false,"woocommerce_gallery_thumbnail":false},"uagb_author_info":{"display_name":"SEMInformatica","author_link":"https:\/\/sistemasequipoymantenimiento.com\/index.php\/author\/seminformatica\/"},"uagb_comment_info":0,"uagb_excerpt":"\u00bfQui\u00e9nes somos? Sistemas Equipo y Mantenimiento, S. A. de C.V., somos un Corporativo que se caracteriza por el desarrollo de su trabajo dentro de un excelente ambiente laboral, con el apoyo principal de nuestro personal t\u00e9cnico y administrativo, obtenido mediante la constante preparaci\u00f3n de cada integrante, que ha hecho consolidar un gran equipo de trabajo&hellip;","_links":{"self":[{"href":"https:\/\/sistemasequipoymantenimiento.com\/index.php\/wp-json\/wp\/v2\/pages\/1002","targetHints":{"allow":["GET"]}}],"collection":[{"href":"https:\/\/sistemasequipoymantenimiento.com\/index.php\/wp-json\/wp\/v2\/pages"}],"about":[{"href":"https:\/\/sistemasequipoymantenimiento.com\/index.php\/wp-json\/wp\/v2\/types\/page"}],"author":[{"embeddable":true,"href":"https:\/\/sistemasequipoymantenimiento.com\/index.php\/wp-json\/wp\/v2\/users\/1"}],"replies":[{"embeddable":true,"href":"https:\/\/sistemasequipoymantenimiento.com\/index.php\/wp-json\/wp\/v2\/comments?post=1002"}],"version-history":[{"count":23,"href":"https:\/\/sistemasequipoymantenimiento.com\/index.php\/wp-json\/wp\/v2\/pages\/1002\/revisions"}],"predecessor-version":[{"id":4990,"href":"https:\/\/sistemasequipoymantenimiento.com\/index.php\/wp-json\/wp\/v2\/pages\/1002\/revisions\/4990"}],"wp:attachment":[{"href":"https:\/\/sistemasequipoymantenimiento.com\/index.php\/wp-json\/wp\/v2\/media?parent=1002"}],"curies":[{"name":"wp","href":"https:\/\/api.w.org\/{rel}","templated":true}]}}